{"id":1899,"date":"2019-09-27T20:28:52","date_gmt":"2019-09-27T18:28:52","guid":{"rendered":"https:\/\/www.lavoutesaintmartin.fr\/carte-menu-restaurant-saint-martin-de-belleville-2\/"},"modified":"2023-07-17T22:18:02","modified_gmt":"2023-07-17T20:18:02","slug":"carte-menu-restaurant-saint-martin-de-belleville","status":"publish","type":"page","link":"https:\/\/www.lavoutesaintmartin.fr\/en\/carte-menu-restaurant-saint-martin-de-belleville\/","title":{"rendered":"Carte Menu Restaurant Saint-Martin de Belleville \u00e9t\u00e9"},"content":{"rendered":"<p>[vc_row full_width=&#8221;stretch_row_content_no_spaces&#8221; css=&#8221;.vc_custom_1510584166488{margin-top: -60px !important;background-color: #ffffff !important;}&#8221;][vc_column][vc_column_text css=&#8221;.vc_custom_1689625020533{padding-top: 30px !important;padding-bottom: 30px !important;}&#8221;]<\/p>\n<h1 style=\"text-align: center; margin-bottom: 8px;\"><span style=\"color: #0082d2;\">O<\/span><span style=\"color: #0082d2;\"><span style=\"color: #000000;\">ur Menu<\/span><\/span><\/h1>\n<h5 style=\"text-align: center; display: none;\"><span style=\"color: #0082d2;\"><strong>Tous nos plats peuvent \u00eatre command\u00e9s \u00e0 emporter.<\/strong><\/span><\/h5>\n<p>[\/vc_column_text][\/vc_column][\/vc_row][vc_row][vc_column][vc_custom_heading text=&#8221;Les Entr\u00e9es \/ Starters&#8221; font_container=&#8221;tag:h4|text_align:center|line_height:20px&#8221; use_theme_fonts=&#8221;yes&#8221; css=&#8221;.vc_custom_1516710740324{margin-top: 20px !important;margin-bottom: 20px !important;padding-right: 10px !important;padding-left: 10px !important;}&#8221;][vc_single_image image=&#8221;221&#8243; img_size=&#8221;full&#8221; alignment=&#8221;center&#8221; css=&#8221;.vc_custom_1488793314360{margin-bottom: 20px !important;}&#8221;][vc_row_inner][vc_column_inner width=&#8221;1\/2&#8243;][vc_column_text]<\/p>\n<p style=\"text-align: center;\"><strong>Planche Ap\u00e9ro \u00e0 partager<\/strong><br \/>\n<span class=\"s1\">Charcuterie de Savoie, Coppa, B\u00e2tonnets de Beaufort, L\u00e9gumes marin\u00e9s, <\/span><span class=\"s1\">Terrine campagnarde<br \/>\n<\/span><span class=\"s1\" style=\"color: #0082d2;\"><i>Local Pork and Local Cheese to share marinated vegetables<\/i><\/span><i><br \/>\n<\/i>23.00\u20ac<\/p>\n<p style=\"text-align: center;\"><strong><img loading=\"lazy\" class=\"alignnone size-full wp-image-1927\" style=\"margin: -5px 0 0 0;\" src=\"https:\/\/www.lavoutesaintmartin.fr\/wp-content\/uploads\/2019\/09\/logo-vegetarien.png\" alt=\"\" width=\"30\" height=\"30\" \/> Salade V\u00e9g\u00e9tale F\u00e9ta<br \/>\n<\/strong>M\u00e9lange de Salades, Concombre, F\u00e9ta AOP, Ognoins rouge, Tomate gourmande, Olives, Pignon de Pins<br \/>\n<em><span style=\"color: #0082d2;\">Salad mix, cucumber,Feta, red onions, tomatoes, olives, pine nuts<\/span><\/em><br \/>\n18.50\u20ac<\/p>\n<p style=\"text-align: center;\"><strong>Tartare de Thon<\/strong><br \/>\n<span class=\"s1\">Soja et Graine de S\u00e9same <\/span><span class=\"s1\"><br \/>\n<\/span><span class=\"s1\" style=\"color: #0082d2;\"><i>Tuna Tartar marinated ginger, coriander and sesame seeds<\/i><\/span><i><br \/>\n<\/i>18.50\u20ac<\/p>\n<p>[\/vc_column_text][\/vc_column_inner][vc_column_inner width=&#8221;1\/2&#8243;][vc_column_text]<\/p>\n<p style=\"text-align: center;\"><strong>Salade Asiatique au Poulet Marin\u00e9<br \/>\n<\/strong>Chou, C\u00e8bette, Poulet frais marin\u00e9, Vermicelle de Riz, Coriandre, Menthe, Carottes, Cacahou\u00e8tes, Sauce Vietnamienne<br \/>\n<span style=\"color: #0082d2;\"><em>Cabbage, Cebette, marinated chicken, rice vermicelli, coriander, mint, carrots, peanut, Vietnamese sauce<br \/>\n<\/em><\/span>18.50\u20ac<\/p>\n<p style=\"text-align: center;\"><strong>Escargots de Bourgogne au Beurre d\u2019ail<\/strong><br \/>\n<span style=\"color: #0082d2;\"><em>Snails in Garlic Butter <\/em><\/span><br \/>\nLes 6 : 10,80\u20ac<br \/>\nLes 12 \u00e0 partager : 19,50\u20ac<\/p>\n<p style=\"text-align: center;\"><strong><img loading=\"lazy\" class=\"alignnone size-full wp-image-1927\" style=\"margin: -5px 0 0 0;\" src=\"https:\/\/www.lavoutesaintmartin.fr\/wp-content\/uploads\/2019\/09\/logo-vegetarien.png\" alt=\"\" width=\"30\" height=\"30\" \/> Tarte au Beaufort et Salade Verte<\/strong><br \/>\n<span style=\"color: #0082d2;\"><em>Beaufort Cheese Tart served with a green Salad<\/em><\/span><br \/>\n18.00\u20ac<\/p>\n<p>[\/vc_column_text][\/vc_column_inner][\/vc_row_inner][\/vc_column][\/vc_row][vc_row][vc_column][vc_custom_heading text=&#8221;Pizzas&#8221; font_container=&#8221;tag:h4|text_align:center|line_height:20px&#8221; use_theme_fonts=&#8221;yes&#8221; css=&#8221;.vc_custom_1511184276091{margin-top: 20px !important;margin-bottom: 20px !important;padding-right: 10px !important;padding-left: 10px !important;}&#8221;][vc_single_image image=&#8221;221&#8243; img_size=&#8221;full&#8221; alignment=&#8221;center&#8221; css=&#8221;.vc_custom_1488793314360{margin-bottom: 20px !important;}&#8221;][\/vc_column][\/vc_row][vc_row][vc_column width=&#8221;1\/2&#8243;][vc_column_text]<\/p>\n<p style=\"text-align: center;\"><strong><img loading=\"lazy\" class=\"alignnone size-full wp-image-1927\" style=\"margin: -5px 0 0 0;\" src=\"https:\/\/www.lavoutesaintmartin.fr\/wp-content\/uploads\/2019\/09\/logo-vegetarien.png\" alt=\"\" width=\"30\" height=\"30\" \/> Marguerite<\/strong><br \/>\nTomate, fromage, olives<br \/>\n<em><span style=\"color: #0082d2;\">Tomato, cheese, olives<\/span><\/em><br \/>\n13.60\u20ac<\/p>\n<p style=\"text-align: center;\"><strong>Gitane<\/strong><br \/>\nTomate Fromage Chorizo Poivrons<span style=\"color: #0082d2;\"><em><br \/>\nTomato Cheese Spicy Sausage Peppers<\/em><\/span><br \/>\n17.60\u20ac<\/p>\n<p style=\"text-align: center;\"><strong>Roma<\/strong><br \/>\nTomate fraiche Mozzarella Basilic Jambon Cru Roquette<br \/>\n<span style=\"color: #0082d2;\"><em>Fresh Tomato Basil Mozzarella Cured Ham Roquette<\/em><\/span><br \/>\n17.60\u20ac<\/p>\n<p style=\"text-align: center;\"><strong><img loading=\"lazy\" class=\"alignnone size-full wp-image-1927\" style=\"margin: -5px 0 0 0;\" src=\"https:\/\/www.lavoutesaintmartin.fr\/wp-content\/uploads\/2019\/09\/logo-vegetarien.png\" alt=\"\" width=\"30\" height=\"30\" \/> Napolitaine<\/strong><br \/>\nTomate, fromage, anchois, olives<br \/>\n<em><span style=\"color: #0082d2;\">Tomato, cheese, anchovies, olives<\/span><\/em><br \/>\n14.50\u20ac<\/p>\n<p style=\"text-align: center;\"><strong><img loading=\"lazy\" class=\"alignnone size-full wp-image-1927\" style=\"margin: -5px 0 0 0;\" src=\"https:\/\/www.lavoutesaintmartin.fr\/wp-content\/uploads\/2019\/09\/logo-vegetarien.png\" alt=\"\" width=\"30\" height=\"30\" \/> Ch\u00e8vre<\/strong><br \/>\nTomate, fromage, ch\u00e8vre, cr\u00e8me fraiche<br \/>\n<span style=\"color: #0082d2;\"><em>Tomato, cheese, goat&#8217;s cheese, cream<\/em><\/span><br \/>\n16.10\u20ac<\/p>\n<p style=\"text-align: center;\"><strong>Romaine<\/strong><br \/>\nTomate, fromage, jambon, olives<br \/>\n<span style=\"color: #0082d2;\"><em>Tomato, cheese, ham, olives<\/em><\/span><br \/>\n15.60\u20ac<\/p>\n<p>[\/vc_column_text][\/vc_column][vc_column width=&#8221;1\/2&#8243;][vc_column_text]<\/p>\n<p style=\"text-align: center;\"><strong><img loading=\"lazy\" class=\"alignnone size-full wp-image-1927\" style=\"margin: -5px 0 0 0;\" src=\"https:\/\/www.lavoutesaintmartin.fr\/wp-content\/uploads\/2019\/09\/logo-vegetarien.png\" alt=\"\" width=\"30\" height=\"30\" \/> Trois Fromages<\/strong><br \/>\nTomate, reblochon, bleu, ch\u00e8vre<br \/>\n<span style=\"color: #0082d2;\"><em>Tomato, reblochon cheese, blue cheese, goat&#8217;s cheese (V)<\/em><\/span><br \/>\n17.60\u20ac<\/p>\n<p style=\"text-align: center;\"><strong>Savoyarde<\/strong><br \/>\nTomate, reblochon, raclette, oignons, pomme de terre, lardons<br \/>\n<span style=\"color: #0082d2;\"><em>Tomato, cheese, reblochon, onions, potatoes, bacon bits<\/em><\/span><br \/>\n17.60\u20ac<\/p>\n<p style=\"text-align: center;\"><strong>Caprieuse<\/strong><br \/>\nTomate Fromage Champignons Jambon<br \/>\n<span style=\"color: #0082d2;\"><em>Tomato Cheese Mushrooms Ham<\/em><\/span><br \/>\n15.90\u20ac<\/p>\n<p style=\"text-align: center;\"><strong><img loading=\"lazy\" class=\"alignnone size-full wp-image-1927\" style=\"margin: -5px 0 0 0;\" src=\"https:\/\/www.lavoutesaintmartin.fr\/wp-content\/uploads\/2019\/09\/logo-vegetarien.png\" alt=\"\" width=\"30\" height=\"30\" \/> V\u00e9g\u00e9tarienne<\/strong><br \/>\nTomate, champignons, artichaut, poivrons, oignons<br \/>\n<span style=\"color: #0082d2;\"><em>Tomato, mushroom, artichoke, peppers, onions<\/em><\/span><br \/>\n15.60\u20ac<\/p>\n<p style=\"text-align: center;\"><strong>Vo\u00fbte<\/strong><br \/>\nTomate, fromage, oeuf, jambon<br \/>\n<span style=\"color: #0082d2;\"><em>Tomato, cheese, egg, ham<\/em><\/span><br \/>\n17,10\u20ac<\/p>\n<p style=\"text-align: center;\"><strong>Reine<\/strong><br \/>\nTomate, fromage, champignons, jambon<br \/>\n<span style=\"color: #0082d2;\"><em>Tomato, cheese, <span style=\"color: #0082d2;\">mushrooms,<\/span> ham<\/em><\/span><br \/>\n16.60\u20ac<\/p>\n<p>[\/vc_column_text][\/vc_column][vc_column][vc_column_text]<\/p>\n<p style=\"text-align: center;\"><strong>Ingr\u00e9dients suppl\u00e9mentaire \/\u00a0<\/strong><em><span style=\"color: #0082d2;\">Extra topping<\/span><\/em><br \/>\n2,00 \u20ac<\/p>\n<p>[\/vc_column_text][vc_column_text]<\/p>\n<p style=\"text-align: center; border: 2px solid #0082d2; padding: 20px;\"><strong>Possibilit\u00e9 d\u2019emporter les pizzas<br \/>\n<\/strong><em><span style=\"color: #0082d2;\">Take away possible<\/span><\/em><\/p>\n<p>[\/vc_column_text][\/vc_column][\/vc_row][vc_row][vc_column][vc_custom_heading text=&#8221;Poissons \/ Fish&#8221; font_container=&#8221;tag:h4|text_align:center|line_height:20px&#8221; use_theme_fonts=&#8221;yes&#8221; css=&#8221;.vc_custom_1516710541532{margin-top: 20px !important;margin-bottom: 20px !important;padding-right: 10px !important;padding-left: 10px !important;}&#8221;][vc_single_image image=&#8221;221&#8243; img_size=&#8221;full&#8221; alignment=&#8221;center&#8221; css=&#8221;.vc_custom_1488793314360{margin-bottom: 20px !important;}&#8221;][vc_column_text]<\/p>\n<p style=\"text-align: center;\"><b>Pav\u00e9 de Saumon R\u00f4ti au Paprika et Tagliatelles<\/b><br \/>\n<em><span style=\"color: #0082d2;\">Roasted Salmon in Paprika served with Tagliatelle<\/span><\/em><br \/>\n26.00\u20ac<\/p>\n<p style=\"text-align: center;\"><b>Steak de Thon sauce vierge Wok de L\u00e9gumes <\/b><br \/>\n<em><span style=\"color: #0082d2;\">Tuna Steak in a virgin sauce served with stir-fried vegetables <\/span><\/em><br \/>\n28.00\u20ac<\/p>\n<p>[\/vc_column_text][vc_empty_space height=&#8221;12px&#8221;][vc_custom_heading text=&#8221;Nos P\u00e2tes et Woks \/ Ours Pasta and Woks&#8221; font_container=&#8221;tag:h4|text_align:center|line_height:20px&#8221; use_theme_fonts=&#8221;yes&#8221; css=&#8221;.vc_custom_1623866425142{margin-top: 20px !important;margin-bottom: 20px !important;padding-right: 10px !important;padding-left: 10px !important;}&#8221;][vc_single_image image=&#8221;221&#8243; img_size=&#8221;full&#8221; alignment=&#8221;center&#8221; css=&#8221;.vc_custom_1488793314360{margin-bottom: 20px !important;}&#8221;][vc_column_text]<\/p>\n<p style=\"text-align: center;\"><strong>Wok de Poulet, Nouilles Chinoises Saut\u00e9es et L\u00e9gumes<\/strong><br \/>\n<em><span style=\"color: #0082d2;\">Chinese Chiken Stir-Fried Noodles with Vegetables<\/span><\/em><br \/>\n24.00\u20ac<\/p>\n<p style=\"text-align: center;\"><strong><img loading=\"lazy\" class=\"alignnone size-full wp-image-1927\" style=\"margin: -5px 0 0 0;\" src=\"https:\/\/www.lavoutesaintmartin.fr\/wp-content\/uploads\/2019\/09\/logo-vegetarien.png\" alt=\"\" width=\"30\" height=\"30\" \/> Wok de Nouilles Chinoises aux L\u00e9gumes, Sauce soja et Cacahu\u00e8tes<\/strong><br \/>\n<em><span style=\"color: #0082d2;\">Chinese Stir-Fried Noodles with Vegetables, Soya Sauce peanuts<\/span><\/em><br \/>\n21.00\u20ac<\/p>\n<p style=\"text-align: center;\"><strong>Lasagne Maison \u00e0 la Bolognaise et Salade Verte<\/strong><br \/>\n<em><span style=\"color: #0082d2;\">Lasagna and Green Salad<\/span><\/em><br \/>\n20.00\u20ac<\/p>\n<p>[\/vc_column_text][\/vc_column][\/vc_row][vc_row][vc_column width=&#8221;1\/2&#8243;][vc_custom_heading text=&#8221;Sp\u00e9cialit\u00e9s \/ Specialties&#8221; font_container=&#8221;tag:h4|text_align:center|line_height:20px&#8221; use_theme_fonts=&#8221;yes&#8221; css=&#8221;.vc_custom_1516710574258{margin-top: 20px !important;margin-bottom: 20px !important;padding-right: 10px !important;padding-left: 10px !important;}&#8221;][vc_single_image image=&#8221;221&#8243; img_size=&#8221;full&#8221; alignment=&#8221;center&#8221; css=&#8221;.vc_custom_1488793314360{margin-bottom: 20px !important;}&#8221;][vc_column_text]<\/p>\n<p style=\"text-align: center;\"><strong>Fondant de Petit Reblochon napp\u00e9 au Miel<\/strong><br \/>\nPomme de Terre et Jambon cru<br \/>\n<em><span style=\"color: #0082d2;\">Melted reblochon cheese covered with honey served with ham and potatoes<\/span><\/em><br \/>\n24.00\u20ac<\/p>\n<p style=\"text-align: center;\"><strong>Tartiflette Tradition au Reblochon<\/strong><br \/>\nSalade Verte et Poitrine Fum\u00e9e<br \/>\n<em><span style=\"color: #0082d2;\">Cheese and potato dish served with salad and cold cuts<\/span><\/em><br \/>\n23.00\u20ac<\/p>\n<p style=\"text-align: center;\"><strong><img loading=\"lazy\" class=\"alignnone size-full wp-image-1927\" style=\"margin: -5px 0 0 0;\" src=\"https:\/\/www.lavoutesaintmartin.fr\/wp-content\/uploads\/2019\/09\/logo-vegetarien.png\" alt=\"\" width=\"30\" height=\"30\" \/> Fondue Savoyarde au Beaufort<\/strong><br \/>\nSalade Verte<br \/>\n<span style=\"color: #0082d2;\"><em>Cheese fondue served with salad<\/em><\/span><br \/>\n21.00\u20ac (2 pers. mini \/ prix par pers.)<\/p>\n<p style=\"text-align: center;\"><strong><img loading=\"lazy\" class=\"alignnone size-full wp-image-1927\" style=\"margin: -5px 0 0 0;\" src=\"https:\/\/www.lavoutesaintmartin.fr\/wp-content\/uploads\/2019\/09\/logo-vegetarien.png\" alt=\"\" width=\"30\" height=\"30\" \/> Fondue Savoyarde au Beaufort et C\u00e8pes<\/strong><br \/>\nSalade Verte<br \/>\n<span style=\"color: #0082d2;\"><em>Cheese fondue with wild mushrooms served with salad<\/em><\/span><br \/>\n24.00\u20ac (2 pers mini \/ prix par pers)<\/p>\n<p style=\"text-align: center;\"><strong>Raclette de Savoie au lait cru Fum\u00e9 ou Nature<\/strong><br \/>\nCharcuterie et Pommes de Terre<br \/>\n<span style=\"color: #0082d2;\"><em>Pour the melted cheese over potatoes and cold cuts<\/em><\/span><br \/>\n27.00\u20ac (2 pers mini \/ prix par pers)<\/p>\n<p>[\/vc_column_text][vc_column_text]<\/p>\n<p style=\"text-align: center; border: 2px solid #0082d2; padding: 20px;\"><strong><span style=\"color: #0082d2;\">Pour Accompagner<\/span><br \/>\nPlanche de Charcuterie \u00e0 Partager<br \/>\n<\/strong><em><span style=\"color: #0082d2;\">Assortiment of local pork<br \/>\n<\/span>13.00\u20ac (2 pers mini \/ prix par pers)<span style=\"color: #0082d2;\"><br \/>\n<\/span><\/em><\/p>\n<p>[\/vc_column_text][\/vc_column][vc_column width=&#8221;1\/2&#8243;][vc_custom_heading text=&#8221;Viandes \/ Meat&#8221; font_container=&#8221;tag:h4|text_align:center|line_height:20px&#8221; use_theme_fonts=&#8221;yes&#8221; css=&#8221;.vc_custom_1516710560929{margin-top: 20px !important;margin-bottom: 20px !important;padding-right: 10px !important;padding-left: 10px !important;}&#8221;][vc_single_image image=&#8221;221&#8243; img_size=&#8221;full&#8221; alignment=&#8221;center&#8221; css=&#8221;.vc_custom_1488793314360{margin-bottom: 20px !important;}&#8221;][vc_column_text]<\/p>\n<p style=\"text-align: center;\"><strong>Onglet de Boeuf po\u00eal\u00e9, Oignons frits et sauce Tartare<\/strong><br \/>\nFrites Fra\u00eeches et L\u00e9gume du Jour<br \/>\n<em><span style=\"color: #0082d2;\">Beef Tab with Fried Onions and tartar sauce Homemade Chips and vegetables<\/span><\/em><br \/>\n26.00\u20ac<\/p>\n<p style=\"text-align: center;\"><strong>Quasi de Veau aux Girolles, Pommes de Terre Grenailles<\/strong><br \/>\n<em><span style=\"color: #0082d2;\">Veal served with mushrooms and Potatoes <\/span><\/em><br \/>\n27.00\u20ac<\/p>\n<p style=\"text-align: center;\"><strong>Burger Gourmand et Frites Maison<\/strong><br \/>\nBun, Hach\u00e9 frais, Compot\u00e9e D\u2019oignons, Poitrine Fum\u00e9e, Raclette fum\u00e9e, Sauce Burger<br \/>\n<em><span style=\"color: #0082d2;\">Hamburger Fresh Beef Steak Bacon Smoked cheese and Homemade Chips<\/span><\/em><br \/>\n24.00\u20ac<\/p>\n<p style=\"text-align: center;\"><strong>Epaule d\u2019Agneau Fran\u00e7ais en Cocotte, L\u00e9gumes de Saison<\/strong><br \/>\n<em><span style=\"color: #0082d2;\">Shulder of French lamb in a casserole dish, Seasonal vegetables<\/span><\/em><br \/>\n26.00\u20ac<\/p>\n<p style=\"text-align: center;\"><strong>Pluma de Porc Ib\u00e9rique <\/strong><br \/>\nOignons Frits, Persil, Sauce Tartare et Frites Fra\u00eeches<br \/>\n<em><span style=\"color: #0082d2;\">Iberian Pork Pluma Fried Onions Tartar Sauce Homemade Chips<\/span><\/em><br \/>\n25.00\u20ac<\/p>\n<p style=\"text-align: center;\"><strong>Cheese Burger et Frites Maison <\/strong><br \/>\nBun, Cheddar, Hach\u00e9 Frais, Sauce Burger Maison<br \/>\n<em><span style=\"color: #0082d2;\">Hamburger Fresh Beef Steak Cheddar<\/span><\/em><br \/>\n18.00\u20ac<\/p>\n<p style=\"text-align: center;\"><strong>Tartare de Boeuf Coup\u00e9 au Couteau <\/strong><br \/>\nFrites Maison et Mesclun<br \/>\n<em><span style=\"color: #0082d2;\">Freshly Chopped Raw Steak, Salad and Homemade Chips<\/span><\/em><br \/>\n24.00\u20ac<\/p>\n<p>[\/vc_column_text][\/vc_column][\/vc_row][vc_row][vc_column][vc_custom_heading text=&#8221;Fromages&#8221; font_container=&#8221;tag:h4|text_align:center|line_height:20px&#8221; use_theme_fonts=&#8221;yes&#8221; css=&#8221;.vc_custom_1511184269038{margin-top: 20px !important;margin-bottom: 20px !important;padding-right: 10px !important;padding-left: 10px !important;}&#8221;][vc_single_image image=&#8221;221&#8243; img_size=&#8221;full&#8221; alignment=&#8221;center&#8221; css=&#8221;.vc_custom_1488793314360{margin-bottom: 20px !important;}&#8221;][vc_column_text]<\/p>\n<p style=\"text-align: center;\"><strong><img loading=\"lazy\" class=\"alignnone size-full wp-image-1927\" style=\"margin: -5px 0 0 0;\" src=\"https:\/\/www.lavoutesaintmartin.fr\/wp-content\/uploads\/2019\/09\/logo-vegetarien.png\" alt=\"\" width=\"30\" height=\"30\" \/> Assiette de S\u00e9lection de Fromages<\/strong><br \/>\nTomme Reblochon<br \/>\n<em><span style=\"color: #0082d2;\">Local Cheeseboard<\/span><\/em><br \/>\n9.00\u20ac<\/p>\n<p>[\/vc_column_text][vc_custom_heading text=&#8221;Les Formules&#8221; font_container=&#8221;tag:h4|text_align:center|line_height:20px&#8221; use_theme_fonts=&#8221;yes&#8221; css=&#8221;.vc_custom_1592509745716{margin-top: 20px !important;margin-bottom: 20px !important;padding-right: 10px !important;padding-left: 10px !important;}&#8221;][vc_single_image image=&#8221;221&#8243; img_size=&#8221;full&#8221; alignment=&#8221;center&#8221; css=&#8221;.vc_custom_1488793314360{margin-bottom: 20px !important;}&#8221;][vc_column_text]<\/p>\n<p style=\"text-align: center;\"><strong>La Formule Midi<\/strong><\/p>\n<p style=\"text-align: center;\">Consulter notre ardoise<br \/>\n<span style=\"color: #0082d2;\"><em>Check our <span style=\"color: #0082d2;\">Blackboard<\/span><\/em><\/span><\/p>\n<p style=\"text-align: center;\">Midi uniquement \/\u00a0<span style=\"color: #0082d2;\"><em>Lunchtime only<\/em><\/span><\/p>\n<p style=\"text-align: center;\"><strong>Plat du jour &amp; Dessert au choix<\/strong><br \/>\n<span style=\"color: #0082d2;\"><em>Dish of the day &amp; Dessert<\/em><\/span><\/p>\n<p>[\/vc_column_text][\/vc_column][\/vc_row][vc_row][vc_column width=&#8221;1\/2&#8243;][vc_custom_heading text=&#8221;Menu Enfant&#8221; font_container=&#8221;tag:h4|text_align:center|line_height:20px&#8221; use_theme_fonts=&#8221;yes&#8221; css=&#8221;.vc_custom_1592509926067{margin-top: 20px !important;margin-bottom: 20px !important;padding-right: 10px !important;padding-left: 10px !important;}&#8221;][vc_single_image image=&#8221;221&#8243; img_size=&#8221;full&#8221; alignment=&#8221;center&#8221; css=&#8221;.vc_custom_1488793314360{margin-bottom: 20px !important;}&#8221;][vc_column_text]<\/p>\n<p style=\"text-align: center;\"><strong>Steak hach\u00e9 frais, Frites<\/strong><br \/>\n<span style=\"color: #0082d2;\"><em>Fresh Beef Steak Homemade, Chips<br \/>\n<\/em><\/span><strong>ou<\/strong>\/<em>or<br \/>\n<\/em><strong>Mini Pizza Marguerite<\/strong><br \/>\n<em><span style=\"color: #0082d2;\">Mini Pizza Marguerite<br \/>\n<\/span><\/em><strong>et<\/strong>\/<em>and<br \/>\n<\/em><strong>Glaces 2 boules<\/strong><br \/>\n<em><span style=\"color: #0082d2;\">2 scoops of Ice cream<\/span><\/em><\/p>\n<p style=\"text-align: center;\">12.00\u20ac<\/p>\n<p>[\/vc_column_text][\/vc_column][vc_column width=&#8221;1\/2&#8243;][vc_custom_heading text=&#8221;Fromage&#8221; font_container=&#8221;tag:h4|text_align:center|line_height:20px&#8221; use_theme_fonts=&#8221;yes&#8221; css=&#8221;.vc_custom_1689624633852{margin-top: 20px !important;margin-bottom: 20px !important;padding-right: 10px !important;padding-left: 10px !important;}&#8221;][vc_single_image image=&#8221;221&#8243; img_size=&#8221;full&#8221; alignment=&#8221;center&#8221; css=&#8221;.vc_custom_1488793314360{margin-bottom: 20px !important;}&#8221;][vc_column_text]<\/p>\n<p style=\"text-align: center;\"><strong>Assiette de S\u00e9lection de Fromages <\/strong><br \/>\n<span style=\"color: #0082d2;\"><em>Local Cheeseboard<br \/>\n<\/em><\/span>10.50\u20ac<\/p>\n<p>[\/vc_column_text][\/vc_column][\/vc_row][vc_row css=&#8221;.vc_custom_1623867443552{margin-bottom: 9px !important;}&#8221;][vc_column][vc_custom_heading text=&#8221;Desserts&#8221; font_container=&#8221;tag:h4|text_align:center|line_height:20px&#8221; use_theme_fonts=&#8221;yes&#8221; css=&#8221;.vc_custom_1511184284664{margin-top: 20px !important;margin-bottom: 20px !important;padding-right: 10px !important;padding-left: 10px !important;}&#8221;][vc_single_image image=&#8221;221&#8243; img_size=&#8221;full&#8221; alignment=&#8221;center&#8221; css=&#8221;.vc_custom_1488793314360{margin-bottom: 20px !important;}&#8221;][vc_column_text]<\/p>\n<p style=\"text-align: center;\"><strong>Caf\u00e9 Gourmand et ses Gourmandises<br \/>\n<\/strong><span style=\"color: #0082d2;\"><em>Greedy Cofee<\/em><\/span><br \/>\n9.80\u20ac<\/p>\n<p style=\"text-align: center;\"><strong>Soupe de Fraises \u00e0 la Menthe<br \/>\n<\/strong><span style=\"color: #0082d2;\"><em>Strawberry and Mint Soup<\/em><\/span><br \/>\n8.70\u20ac<\/p>\n<p style=\"text-align: center;\"><strong>Tarte aux Citrons Meringu\u00e9e<br \/>\n<\/strong><span style=\"color: #0082d2;\"><em>Lemon meringue pie<\/em><\/span><br \/>\n9.50\u20ac<\/p>\n<p style=\"text-align: center;\"><strong>Cheesecake \u00e0 la Fraise <\/strong><br \/>\n<em><span style=\"color: #0082d2;\">Strawberry Cheesecake<\/span><\/em><br \/>\n9.50\u20ac<\/p>\n<p style=\"text-align: center;\"><strong>Tarte aux Myrtilles Amandine<\/strong><br \/>\n<em><span style=\"color: #0082d2;\">Blueberry Tart<\/span><\/em><br \/>\n9.50\u20ac<\/p>\n<p style=\"text-align: center;\"><strong>Irish or French Coffee<\/strong><br \/>\n10.50\u20ac<\/p>\n<p class=\"p1\" style=\"text-align: center;\"><strong><span class=\"s1\">L<\/span>es <span class=\"s1\">C<\/span>oupes de <span class=\"s1\">G<\/span>laces sont \u00e0 <span class=\"s1\">C<\/span>onsulter sur la <span class=\"s1\">C<\/span>arte des <span class=\"s1\">G<\/span>laces<\/strong><\/p>\n<p>[\/vc_column_text][\/vc_column][\/vc_row][vc_row gap=&#8221;20&#8243; css=&#8221;.vc_custom_1510606503518{margin-bottom: 20px !important;}&#8221;][vc_column width=&#8221;1\/2&#8243; css=&#8221;.vc_custom_1488792822504{padding-right: 0px !important;}&#8221;][pm_vc_custom_button button_text=&#8221;Book a table&#8221; button_align=&#8221;right&#8221; button_icon=&#8221;&#8221; hover_color=&#8221;#0082d2&#8243; border_hover_color=&#8221;#0082d2&#8243; button_icon_status=&#8221;true&#8221; button_link=&#8221;url:https%3A%2F%2Fwww.lavoutesaintmartin.fr%2Fen%2Fcontact-restaurant-la-voute-saint-martin-de-belleville%2F&#8221;][\/vc_column][vc_column width=&#8221;1\/2&#8243; css=&#8221;.vc_custom_1488792829416{padding-left: 0px !important;}&#8221;][pm_vc_custom_button button_text=&#8221;Our Story&#8221; button_type=&#8221;colored&#8221; button_align=&#8221;left&#8221; button_icon=&#8221;&#8221; hover_color=&#8221;#0082d2&#8243; button_bg_color=&#8221;#0082d2&#8243; hover_bg_color=&#8221;&#8221; button_icon_status=&#8221;true&#8221; button_link=&#8221;url:https%3A%2F%2Fwww.lavoutesaintmartin.fr%2Fen%2Fabout-us-la-voute-restaurant%2F&#8221;][\/vc_column][\/vc_row]<\/p>\n","protected":false},"excerpt":{"rendered":"<p>[vc_row full_width=&#8221;stretch_row_content_no_spaces&#8221; css=&#8221;.vc_custom_1510584166488{margin-top: -60px !important;background-color: #ffffff !important;}&#8221;][vc_column][vc_column_text css=&#8221;.vc_custom_1689625020533{padding-top: 30px !important;padding-bottom: 30px !important;}&#8221;] Our Menu Tous nos plats peuvent \u00eatre command\u00e9s \u00e0 emporter. [\/vc_column_text][\/vc_column][\/vc_row][vc_row][vc_column][vc_custom_heading text=&#8221;Les Entr\u00e9es \/ Starters&#8221; font_container=&#8221;tag:h4|text_align:center|line_height:20px&#8221; use_theme_fonts=&#8221;yes&#8221; css=&#8221;.vc_custom_1516710740324{margin-top: 20px !important;margin-bottom: 20px !important;padding-right: 10px !important;padding-left: 10px !important;}&#8221;][vc_single_image image=&#8221;221&#8243; img_size=&#8221;full&#8221; alignment=&#8221;center&#8221; css=&#8221;.vc_custom_1488793314360{margin-bottom: 20px !important;}&#8221;][vc_row_inner][vc_column_inner width=&#8221;1\/2&#8243;][vc_column_text] Planche Ap\u00e9ro \u00e0 partager Charcuterie de Savoie, Coppa, B\u00e2tonnets de [&hellip;]<\/p>\n","protected":false},"author":1,"featured_media":0,"parent":0,"menu_order":0,"comment_status":"closed","ping_status":"closed","template":"","meta":[],"_links":{"self":[{"href":"https:\/\/www.lavoutesaintmartin.fr\/en\/wp-json\/wp\/v2\/pages\/1899"}],"collection":[{"href":"https:\/\/www.lavoutesaintmartin.fr\/en\/wp-json\/wp\/v2\/pages"}],"about":[{"href":"https:\/\/www.lavoutesaintmartin.fr\/en\/wp-json\/wp\/v2\/types\/page"}],"author":[{"embeddable":true,"href":"https:\/\/www.lavoutesaintmartin.fr\/en\/wp-json\/wp\/v2\/users\/1"}],"replies":[{"embeddable":true,"href":"https:\/\/www.lavoutesaintmartin.fr\/en\/wp-json\/wp\/v2\/comments?post=1899"}],"version-history":[{"count":50,"href":"https:\/\/www.lavoutesaintmartin.fr\/en\/wp-json\/wp\/v2\/pages\/1899\/revisions"}],"predecessor-version":[{"id":2292,"href":"https:\/\/www.lavoutesaintmartin.fr\/en\/wp-json\/wp\/v2\/pages\/1899\/revisions\/2292"}],"wp:attachment":[{"href":"https:\/\/www.lavoutesaintmartin.fr\/en\/wp-json\/wp\/v2\/media?parent=1899"}],"curies":[{"name":"wp","href":"https:\/\/api.w.org\/{rel}","templated":true}]}}